{"id":524,"date":"2025-11-10T14:28:28","date_gmt":"2025-11-10T13:28:28","guid":{"rendered":"https:\/\/arblit.com\/reconocimientos\/"},"modified":"2025-12-04T16:05:06","modified_gmt":"2025-12-04T15:05:06","slug":"reconocimientos","status":"publish","type":"page","link":"https:\/\/arblit.com\/es\/reconocimientos\/","title":{"rendered":"Reconocimientos"},"content":{"rendered":"\t\t<div data-elementor-type=\"wp-page\" data-elementor-id=\"524\" class=\"elementor elementor-524 elementor-77\" data-elementor-post-type=\"page\">\n\t\t\t\t<div class=\"elementor-element elementor-element-e7a36af e-flex e-con-boxed e-con e-parent\" data-id=\"e7a36af\" data-element_type=\"container\" data-e-type=\"container\">\n\t\t\t\t\t<div class=\"e-con-inner\">\n\t\t<div class=\"elementor-element elementor-element-964cbdf e-con-full e-flex e-con e-child\" data-id=\"964cbdf\" data-element_type=\"container\" data-e-type=\"container\">\n\t\t\t\t<div class=\"elementor-element elementor-element-8033f0b elementor-widget elementor-widget-text-editor\" data-id=\"8033f0b\" data-element_type=\"widget\" data-e-type=\"widget\" data-widget_type=\"text-editor.default\">\n\t\t\t\t\t\t\t\t\t<p>Cada vez que recibimos un reconocimiento, la primera palabra que nos viene a la mente es \u201cgracias\u201d.<br \/>\nGracias a nuestros clientes por habernos elegido y por seguir eligi\u00e9ndonos.<br \/>\nGracias a nuestros colegas por reconocer nuestra experiencia y por recurrir a nosotros. El trabajo en equipo, la experiencia, el compromiso y la mentalidad innovadora hacen de ArbLit un despacho de primer nivel, como lo demuestra su clasificaci\u00f3n en los directorios jur\u00eddicos internacionales y nacionales.<\/p>\n<p>&nbsp;<\/p>\n<p class=\"p1\"><span class=\"s1\"><b>\u00a1Algo de lo estamos muy orgullosos!<\/b><\/span><\/p>\n<p class=\"p1\"><span class=\"s1\">Solo un a\u00f1o despu\u00e9s de nuestra creaci\u00f3n, fuimos incluidos por Global Arbitration Review en el ranking GAR 100 de los 100 mejores despachos de arbitraje del mundo y recibimos el premio \u201cBoutique que ha impresionado en 2014\u201d de GAR en 2015.<\/span><\/p>\n\t\t\t\t\t\t\t\t<\/div>\n\t\t\t\t<\/div>\n\t\t<div class=\"elementor-element elementor-element-b023998 e-con-full e-flex e-con e-child\" data-id=\"b023998\" data-element_type=\"container\" data-e-type=\"container\">\n\t\t\t\t<div class=\"elementor-element elementor-element-c582eab elementor-widget elementor-widget-text-editor\" data-id=\"c582eab\" data-element_type=\"widget\" data-e-type=\"widget\" data-widget_type=\"text-editor.default\">\n\t\t\t\t\t\t\t\t\t<p class=\"p2\"><span class=\"s1\">ArbLit y sus abogados aparecen en los directorios anuales internacionales y nacionales elaborados por:<\/span><\/p>\n<ul class=\"ul1\">\n<li class=\"li3\"><a href=\"https:\/\/globalarbitrationreview.com\/survey\/gar-100\/2023\/organization-profile\/arblit-radicati-di-brozolo-sabatini-benedettelli-torsello\" target=\"_blank\" rel=\"noopener noreferrer\"><span class=\"s3\">Global Arbitration Review<\/span><\/a><\/li>\n<li class=\"li3\"><a href=\"https:\/\/chambers.com\/law-firm\/arblit-radicati-di-brozolo-sabatini-benedettelli-torsello-global-2:22790949\" target=\"_blank\" rel=\"noopener noreferrer\"><span class=\"s3\">Chambers<\/span><\/a><\/li>\n<li class=\"li3\"><a href=\"https:\/\/www.legal500.com\/c\/italy\/dispute-resolution\/\" target=\"_blank\" rel=\"noopener noreferrer\"><span class=\"s3\">Legal500<\/span><\/a><\/li>\n<li class=\"li3\"><a href=\"https:\/\/whoswholegal.com\/search?q=arblit\" target=\"_blank\" rel=\"noopener noreferrer\"><span class=\"s3\">Who\u2019s Who<\/span><\/a><\/li>\n<li class=\"li3\"><a href=\"https:\/\/www.expertguides.com\/firms\/arblit-radicati-di-brozolo-sabatini-benedettelli-torsello\/arblit0r\" target=\"_blank\" rel=\"noopener noreferrer\"><span class=\"s3\">Expert Guides<\/span><\/a><\/li>\n<li class=\"li3\"><a href=\"https:\/\/www.leadersleague.com\/en\/rankings\/arbitration-international-arbitration-ranking-2023-arbitrators-italy\" target=\"_blank\" rel=\"noopener noreferrer\"><span class=\"s3\">Leaders League<\/span><\/a><\/li>\n<li class=\"li3\"><a href=\"https:\/\/lab24.ilsole24ore.com\/studi-legali\/2023?refresh_ce=1\" target=\"_blank\" rel=\"noopener noreferrer\"><span class=\"s3\">Sole24ore<\/span><\/a><\/li>\n<li class=\"li3\"><a href=\"https:\/\/awards.toplegal.it\/medagliere-2\/\" target=\"_blank\" rel=\"noopener noreferrer\"><span class=\"s3\">TopLegal<\/span><\/a><\/li>\n<li class=\"li3\"><a href=\"https:\/\/legalcommunity.it\/awards\/legalcommunity-litigation-awards-2023\/\" target=\"_blank\" rel=\"noopener noreferrer\"><span class=\"s3\">Legalcommunity<\/span><\/a><\/li>\n<\/ul>\n<p>&nbsp;<\/p>\n<p class=\"p6\"><strong><span class=\"s1\">Nuestros abogados m\u00e1s reconocidos:<\/span><\/strong><\/p>\n<p class=\"p7\"><a href=\"https:\/\/arblit.com\/es\/team\/luca-g-radicati-di-brozolo\/\"><span class=\"s3\">Luca Radicati di Brozolo<\/span><\/a><\/p>\n<p class=\"p7\"><a href=\"https:\/\/www.arblit.com\/es\/massimo_benedettelli\/\"><span class=\"s3\">Massimo Benedettelli<\/span><\/a><\/p>\n<p class=\"p7\"><span class=\"s3\"><a href=\"https:\/\/www.arblit.com\/es\/michele_sabatini\/\">Michele Sabatini<\/a><\/span><\/p>\n<p class=\"p7\"><a href=\"https:\/\/www.arblit.com\/es\/marco_torsello\/\"><span class=\"s3\">Marco Torsello<\/span><\/a><\/p>\n<p class=\"p7\"><a href=\"https:\/\/www.arblit.com\/es\/emilio-bettoni-2\/\"><span class=\"s3\">Emilio Bettoni<\/span><\/a><\/p>\n<p class=\"p7\"><a href=\"https:\/\/www.arblit.com\/es\/flavio_ponzano\/\"><span class=\"s3\">Flavio Ponzano<\/span><\/a><\/p>\n<p class=\"p7\"><a href=\"https:\/\/www.arblit.com\/es\/fabio_giuseppe_santacroce\/\"><span class=\"s3\">Fabio Santacroce<\/span><\/a><\/p>\n\t\t\t\t\t\t\t\t<\/div>\n\t\t\t\t<\/div>\n\t\t\t\t\t<\/div>\n\t\t\t\t<\/div>\n\t\t\t\t<\/div>\n\t\t","protected":false},"excerpt":{"rendered":"","protected":false},"author":1,"featured_media":523,"parent":0,"menu_order":0,"comment_status":"closed","ping_status":"closed","template":"","meta":{"_acf_changed":false,"footnotes":""},"class_list":["post-524","page","type-page","status-publish","has-post-thumbnail","hentry"],"acf":[],"_links":{"self":[{"href":"https:\/\/arblit.com\/es\/wp-json\/wp\/v2\/pages\/524","targetHints":{"allow":["GET"]}}],"collection":[{"href":"https:\/\/arblit.com\/es\/wp-json\/wp\/v2\/pages"}],"about":[{"href":"https:\/\/arblit.com\/es\/wp-json\/wp\/v2\/types\/page"}],"author":[{"embeddable":true,"href":"https:\/\/arblit.com\/es\/wp-json\/wp\/v2\/users\/1"}],"replies":[{"embeddable":true,"href":"https:\/\/arblit.com\/es\/wp-json\/wp\/v2\/comments?post=524"}],"version-history":[{"count":2,"href":"https:\/\/arblit.com\/es\/wp-json\/wp\/v2\/pages\/524\/revisions"}],"predecessor-version":[{"id":680,"href":"https:\/\/arblit.com\/es\/wp-json\/wp\/v2\/pages\/524\/revisions\/680"}],"wp:featuredmedia":[{"embeddable":true,"href":"https:\/\/arblit.com\/es\/wp-json\/wp\/v2\/media\/523"}],"wp:attachment":[{"href":"https:\/\/arblit.com\/es\/wp-json\/wp\/v2\/media?parent=524"}],"curies":[{"name":"wp","href":"https:\/\/api.w.org\/{rel}","templated":true}]}}